{"id":5192,"date":"2026-02-11T14:10:54","date_gmt":"2026-02-11T13:10:54","guid":{"rendered":"https:\/\/drqabbas.be\/?page_id=5192"},"modified":"2026-05-07T17:12:30","modified_gmt":"2026-05-07T15:12:30","slug":"comment-fais-tu-helena","status":"publish","type":"page","link":"https:\/\/drqabbas.be\/fr\/comment-fais-tu-helena\/","title":{"rendered":"Comment fais-tu, Helena ?"},"content":{"rendered":"\t\t<div data-elementor-type=\"wp-page\" data-elementor-id=\"5192\" class=\"elementor elementor-5192 elementor-4573\" data-elementor-post-type=\"page\">\n\t\t\t\t<div class=\"elementor-element elementor-element-604ec1b top--innerbanner e-flex e-con-boxed e-con e-parent\" data-id=\"604ec1b\" data-element_type=\"container\" data-e-type=\"container\" data-settings=\"{&quot;background_background&quot;:&quot;classic&quot;}\">\n\t\t\t\t\t<div class=\"e-con-inner\">\n\t\t<div class=\"elementor-element elementor-element-c7a2235 top--innerbanner e-flex e-con-boxed e-con e-child\" data-id=\"c7a2235\" data-element_type=\"container\" data-e-type=\"container\" data-settings=\"{&quot;background_background&quot;:&quot;classic&quot;}\">\n\t\t\t\t\t<div class=\"e-con-inner\">\n\t\t<div class=\"elementor-element elementor-element-0e326cd e-con-full e-flex e-con e-child\" data-id=\"0e326cd\" data-element_type=\"container\" data-e-type=\"container\">\n\t\t\t\t<\/div>\n\t\t<div class=\"elementor-element elementor-element-c09881f e-con-full elementor-hidden-mobile e-flex e-con e-child\" data-id=\"c09881f\" data-element_type=\"container\" data-e-type=\"container\">\n\t\t\t\t<\/div>\n\t\t\t\t\t<\/div>\n\t\t\t\t<\/div>\n\t\t<div class=\"elementor-element elementor-element-e6530fb e-con-full po-rel e-flex e-con e-child\" data-id=\"e6530fb\" data-element_type=\"container\" data-e-type=\"container\" data-settings=\"{&quot;position&quot;:&quot;absolute&quot;}\">\n\t\t\t\t<div class=\"elementor-element elementor-element-2a4b45d elementor-widget elementor-widget-template\" data-id=\"2a4b45d\" data-element_type=\"widget\" data-e-type=\"widget\" data-widget_type=\"template.default\">\n\t\t\t\t<div class=\"elementor-widget-container\">\n\t\t\t\t\t\t\t<div class=\"elementor-template\">\n\t\t\t\t\t<div data-elementor-type=\"container\" data-elementor-id=\"5221\" class=\"elementor elementor-5221 elementor-2269 elementor-2269\" data-elementor-post-type=\"elementor_library\">\n\t\t\t\t<div class=\"elementor-element elementor-element-627731a e-con-full e-flex e-con e-child\" data-id=\"627731a\" data-element_type=\"container\" data-e-type=\"container\" data-settings=\"{&quot;background_background&quot;:&quot;classic&quot;}\">\n\t\t\t\t<div class=\"elementor-element elementor-element-4282d019 elementor-widget elementor-widget-image\" data-id=\"4282d019\" data-element_type=\"widget\" data-e-type=\"widget\" data-widget_type=\"image.default\">\n\t\t\t\t<div class=\"elementor-widget-container\">\n\t\t\t\t\t\t\t\t\t\t\t\t\t\t\t<img loading=\"lazy\" decoding=\"async\" width=\"132\" height=\"48\" src=\"https:\/\/drqabbas.be\/wp-content\/uploads\/2026\/01\/Img.png\" class=\"attachment-large size-large wp-image-5181\" alt=\"\" \/>\t\t\t\t\t\t\t\t\t\t\t\t\t\t\t<\/div>\n\t\t\t\t<\/div>\n\t\t\t\t<div class=\"elementor-element elementor-element-8c2ca9d elementor-widget elementor-widget-image\" data-id=\"8c2ca9d\" data-element_type=\"widget\" data-e-type=\"widget\" data-widget_type=\"image.default\">\n\t\t\t\t<div class=\"elementor-widget-container\">\n\t\t\t\t\t\t\t\t\t\t\t\t\t\t\t<img loading=\"lazy\" decoding=\"async\" width=\"116\" height=\"20\" src=\"https:\/\/drqabbas.be\/wp-content\/uploads\/2026\/01\/Star-Icon.svg\" class=\"attachment-large size-large wp-image-5222\" alt=\"\" \/>\t\t\t\t\t\t\t\t\t\t\t\t\t\t\t<\/div>\n\t\t\t\t<\/div>\n\t\t\t\t<div class=\"elementor-element elementor-element-443e8b42 elementor-widget elementor-widget-heading\" data-id=\"443e8b42\" data-element_type=\"widget\" data-e-type=\"widget\" data-widget_type=\"heading.default\">\n\t\t\t\t<div class=\"elementor-widget-container\">\n\t\t\t\t\t<div class=\"elementor-heading-title elementor-size-default\">Plus de 500 patients satisfaits<\/div>\t\t\t\t<\/div>\n\t\t\t\t<\/div>\n\t\t\t\t<\/div>\n\t\t\t\t<\/div>\n\t\t\t\t<\/div>\n\t\t\t\t\t\t<\/div>\n\t\t\t\t<\/div>\n\t\t\t\t<\/div>\n\t\t\t\t\t<\/div>\n\t\t\t\t<\/div>\n\t\t<div class=\"elementor-element elementor-element-e071911 e-flex e-con-boxed e-con e-parent\" data-id=\"e071911\" data-element_type=\"container\" data-e-type=\"container\" data-settings=\"{&quot;background_background&quot;:&quot;classic&quot;}\">\n\t\t\t\t\t<div class=\"e-con-inner\">\n\t\t<div class=\"elementor-element elementor-element-4c86b24 e-con-full e-flex e-con e-child\" data-id=\"4c86b24\" data-element_type=\"container\" data-e-type=\"container\">\n\t\t\t\t<div class=\"elementor-element elementor-element-28368b1 elementor-widget elementor-widget-heading\" data-id=\"28368b1\" data-element_type=\"widget\" data-e-type=\"widget\" data-widget_type=\"heading.default\">\n\t\t\t\t<div class=\"elementor-widget-container\">\n\t\t\t\t\t<h4 class=\"elementor-heading-title elementor-size-default\">Rendez-vous \/ Consultation vid\u00e9o<\/h4>\t\t\t\t<\/div>\n\t\t\t\t<\/div>\n\t\t\t\t<div class=\"elementor-element elementor-element-972c7f1 elementor-widget elementor-widget-text-editor\" data-id=\"972c7f1\" data-element_type=\"widget\" data-e-type=\"widget\" data-widget_type=\"text-editor.default\">\n\t\t\t\t<div class=\"elementor-widget-container\">\n\t\t\t\t\t\t\t\t\t<p>Inscrivez-vous \u00e0 \u00a0<a href=\"https:\/\/helena.care\/\" target=\"_blank\" rel=\"noopener\">Helena<\/a>, c\u2019est important. Helena est votre lien avec votre dossier m\u00e9dical et votre m\u00e9decin g\u00e9n\u00e9raliste. En raison des lois sur la protection de la vie priv\u00e9e, Helena remplacera les e-mails.<\/p><p>C\u2019est gratuit et s\u00e9curis\u00e9 pour votre vie priv\u00e9e.<\/p><p>Les certificats d\u2019absence ne peuvent \u00eatre envoy\u00e9s que via Helena.<\/p><p><strong> Vous y trouverez :<\/strong><\/p><ul><li style=\"list-style-type: none;\"><ul><li>votre dossier m\u00e9dical<\/li><li>vos vaccinations<\/li><li>vos m\u00e9dicaments<\/li><li>vos vaccinations<\/li><li>vos prescriptions<\/li><li>les r\u00e9sultats d\u2019examens<\/li><li>les rapports des sp\u00e9cialistes<\/li><li>et bien plus encore<\/li><\/ul><\/li><\/ul><p>Vous pouvez \u00e9galement effectuer des consultations vid\u00e9o avec votre m\u00e9decin g\u00e9n\u00e9raliste et vos sp\u00e9cialistes.<br \/>La qualit\u00e9 des soins m\u00e9dicaux s\u2019am\u00e9liore lorsque vous avez acc\u00e8s \u00e0 votre dossier m\u00e9dical.<\/p><p data-start=\"845\" data-end=\"861\"><strong data-start=\"845\" data-end=\"859\">S\u2019inscrire<\/strong><\/p><p data-start=\"863\" data-end=\"1005\" data-is-last-node=\"\" data-is-only-node=\"\">Rendez-vous sur Helena pour les patients<br \/>T\u00e9l\u00e9chargez l\u2019application sur votre smartphone ou votre tablette et cliquez sur \u00ab S\u2019inscrire \u00bb.<\/p>\t\t\t\t\t\t\t\t<\/div>\n\t\t\t\t<\/div>\n\t\t\t\t<\/div>\n\t\t<div class=\"elementor-element elementor-element-89a42a0 e-con-full e-flex e-con e-child\" data-id=\"89a42a0\" data-element_type=\"container\" data-e-type=\"container\">\n\t\t\t\t<div class=\"elementor-element elementor-element-469681e elementor-widget elementor-widget-image\" data-id=\"469681e\" data-element_type=\"widget\" data-e-type=\"widget\" data-widget_type=\"image.default\">\n\t\t\t\t<div class=\"elementor-widget-container\">\n\t\t\t\t\t\t\t\t\t\t\t\t\t\t\t<img loading=\"lazy\" decoding=\"async\" width=\"400\" height=\"867\" src=\"https:\/\/drqabbas.be\/wp-content\/uploads\/2026\/02\/IMG_4015-400x867-1.png\" class=\"attachment-full size-full wp-image-5193\" alt=\"\" srcset=\"https:\/\/drqabbas.be\/wp-content\/uploads\/2026\/02\/IMG_4015-400x867-1.png 400w, https:\/\/drqabbas.be\/wp-content\/uploads\/2026\/02\/IMG_4015-400x867-1-138x300.png 138w, https:\/\/drqabbas.be\/wp-content\/uploads\/2026\/02\/IMG_4015-400x867-1-277x600.png 277w\" sizes=\"auto, (max-width: 400px) 100vw, 400px\" \/>\t\t\t\t\t\t\t\t\t\t\t\t\t\t\t<\/div>\n\t\t\t\t<\/div>\n\t\t\t\t<\/div>\n\t\t\t\t\t<\/div>\n\t\t\t\t<\/div>\n\t\t<div class=\"elementor-element elementor-element-ee04363 e-flex e-con-boxed e-con e-parent\" data-id=\"ee04363\" data-element_type=\"container\" data-e-type=\"container\" data-settings=\"{&quot;background_background&quot;:&quot;classic&quot;}\">\n\t\t\t\t\t<div class=\"e-con-inner\">\n\t\t<div class=\"elementor-element elementor-element-d2343d9 e-con-full e-flex e-con e-child\" data-id=\"d2343d9\" data-element_type=\"container\" data-e-type=\"container\" data-settings=\"{&quot;background_background&quot;:&quot;classic&quot;}\">\n\t\t\t\t<div class=\"elementor-element elementor-element-a786fcc elementor-widget elementor-widget-image\" data-id=\"a786fcc\" data-element_type=\"widget\" data-e-type=\"widget\" data-widget_type=\"image.default\">\n\t\t\t\t<div class=\"elementor-widget-container\">\n\t\t\t\t\t\t\t\t\t\t\t\t\t\t\t<img loading=\"lazy\" decoding=\"async\" width=\"400\" height=\"867\" src=\"https:\/\/drqabbas.be\/wp-content\/uploads\/2026\/02\/IMG_4016-400x867-1.png\" class=\"attachment-large size-large wp-image-5194\" alt=\"\" srcset=\"https:\/\/drqabbas.be\/wp-content\/uploads\/2026\/02\/IMG_4016-400x867-1.png 400w, https:\/\/drqabbas.be\/wp-content\/uploads\/2026\/02\/IMG_4016-400x867-1-138x300.png 138w, https:\/\/drqabbas.be\/wp-content\/uploads\/2026\/02\/IMG_4016-400x867-1-277x600.png 277w\" sizes=\"auto, (max-width: 400px) 100vw, 400px\" \/>\t\t\t\t\t\t\t\t\t\t\t\t\t\t\t<\/div>\n\t\t\t\t<\/div>\n\t\t\t\t<div class=\"elementor-element elementor-element-43f0112 elementor-widget elementor-widget-heading\" data-id=\"43f0112\" data-element_type=\"widget\" data-e-type=\"widget\" data-widget_type=\"heading.default\">\n\t\t\t\t<div class=\"elementor-widget-container\">\n\t\t\t\t\t<h6 class=\"elementor-heading-title elementor-size-default\">log in met <strong>Itsme\u00ae<\/strong> of met een e-ID-kaartlezer.<\/h6>\t\t\t\t<\/div>\n\t\t\t\t<\/div>\n\t\t\t\t<\/div>\n\t\t<div class=\"elementor-element elementor-element-d951815 e-con-full e-flex e-con e-child\" data-id=\"d951815\" data-element_type=\"container\" data-e-type=\"container\" data-settings=\"{&quot;background_background&quot;:&quot;classic&quot;}\">\n\t\t\t\t<div class=\"elementor-element elementor-element-2e984b8 elementor-widget elementor-widget-image\" data-id=\"2e984b8\" data-element_type=\"widget\" data-e-type=\"widget\" data-widget_type=\"image.default\">\n\t\t\t\t<div class=\"elementor-widget-container\">\n\t\t\t\t\t\t\t\t\t\t\t\t\t\t\t<img loading=\"lazy\" decoding=\"async\" width=\"400\" height=\"867\" src=\"https:\/\/drqabbas.be\/wp-content\/uploads\/2026\/02\/IMG_4017-400x867-1.png\" class=\"attachment-large size-large wp-image-5195\" alt=\"\" srcset=\"https:\/\/drqabbas.be\/wp-content\/uploads\/2026\/02\/IMG_4017-400x867-1.png 400w, https:\/\/drqabbas.be\/wp-content\/uploads\/2026\/02\/IMG_4017-400x867-1-138x300.png 138w, https:\/\/drqabbas.be\/wp-content\/uploads\/2026\/02\/IMG_4017-400x867-1-277x600.png 277w\" sizes=\"auto, (max-width: 400px) 100vw, 400px\" \/>\t\t\t\t\t\t\t\t\t\t\t\t\t\t\t<\/div>\n\t\t\t\t<\/div>\n\t\t\t\t<div class=\"elementor-element elementor-element-fa1f74c elementor-widget elementor-widget-heading\" data-id=\"fa1f74c\" data-element_type=\"widget\" data-e-type=\"widget\" data-widget_type=\"heading.default\">\n\t\t\t\t<div class=\"elementor-widget-container\">\n\t\t\t\t\t<h6 class=\"elementor-heading-title elementor-size-default\">Bevestig.<\/h6>\t\t\t\t<\/div>\n\t\t\t\t<\/div>\n\t\t\t\t<\/div>\n\t\t<div class=\"elementor-element elementor-element-cf2a226 e-con-full e-flex e-con e-child\" data-id=\"cf2a226\" data-element_type=\"container\" data-e-type=\"container\" data-settings=\"{&quot;background_background&quot;:&quot;classic&quot;}\">\n\t\t\t\t<div class=\"elementor-element elementor-element-e5c0666 elementor-widget elementor-widget-image\" data-id=\"e5c0666\" data-element_type=\"widget\" data-e-type=\"widget\" data-widget_type=\"image.default\">\n\t\t\t\t<div class=\"elementor-widget-container\">\n\t\t\t\t\t\t\t\t\t\t\t\t\t\t\t<img loading=\"lazy\" decoding=\"async\" width=\"400\" height=\"776\" src=\"https:\/\/drqabbas.be\/wp-content\/uploads\/2026\/02\/IMG_4018-400x776-1.jpg\" class=\"attachment-large size-large wp-image-5196\" alt=\"\" srcset=\"https:\/\/drqabbas.be\/wp-content\/uploads\/2026\/02\/IMG_4018-400x776-1.jpg 400w, https:\/\/drqabbas.be\/wp-content\/uploads\/2026\/02\/IMG_4018-400x776-1-155x300.jpg 155w, https:\/\/drqabbas.be\/wp-content\/uploads\/2026\/02\/IMG_4018-400x776-1-309x600.jpg 309w\" sizes=\"auto, (max-width: 400px) 100vw, 400px\" \/>\t\t\t\t\t\t\t\t\t\t\t\t\t\t\t<\/div>\n\t\t\t\t<\/div>\n\t\t\t\t<div class=\"elementor-element elementor-element-9777cd0 elementor-widget elementor-widget-heading\" data-id=\"9777cd0\" data-element_type=\"widget\" data-e-type=\"widget\" data-widget_type=\"heading.default\">\n\t\t\t\t<div class=\"elementor-widget-container\">\n\t\t\t\t\t<h6 class=\"elementor-heading-title elementor-size-default\">Het is gelukt, je kunt nu meekijken in jouw dossier.<\/h6>\t\t\t\t<\/div>\n\t\t\t\t<\/div>\n\t\t\t\t<\/div>\n\t\t\t\t\t<\/div>\n\t\t\t\t<\/div>\n\t\t\t\t<\/div>\n\t\t","protected":false},"excerpt":{"rendered":"<p>Rendez-vous \/ Consultation vid\u00e9o Inscrivez-vous \u00e0 \u00a0Helena, c\u2019est important. Helena est votre lien avec votre dossier m\u00e9dical et votre m\u00e9decin g\u00e9n\u00e9raliste. En raison des lois sur la protection de la vie priv\u00e9e, Helena remplacera les e-mails. C\u2019est gratuit et s\u00e9curis\u00e9 pour votre vie priv\u00e9e. Les certificats d\u2019absence ne peuvent \u00eatre envoy\u00e9s que via Helena. Vous [&hellip;]<\/p>\n","protected":false},"author":1,"featured_media":0,"parent":0,"menu_order":0,"comment_status":"closed","ping_status":"closed","template":"","meta":{"_acf_changed":false,"footnotes":""},"class_list":["post-5192","page","type-page","status-publish","hentry"],"acf":[],"_links":{"self":[{"href":"https:\/\/drqabbas.be\/fr\/wp-json\/wp\/v2\/pages\/5192","targetHints":{"allow":["GET"]}}],"collection":[{"href":"https:\/\/drqabbas.be\/fr\/wp-json\/wp\/v2\/pages"}],"about":[{"href":"https:\/\/drqabbas.be\/fr\/wp-json\/wp\/v2\/types\/page"}],"author":[{"embeddable":true,"href":"https:\/\/drqabbas.be\/fr\/wp-json\/wp\/v2\/users\/1"}],"replies":[{"embeddable":true,"href":"https:\/\/drqabbas.be\/fr\/wp-json\/wp\/v2\/comments?post=5192"}],"version-history":[{"count":10,"href":"https:\/\/drqabbas.be\/fr\/wp-json\/wp\/v2\/pages\/5192\/revisions"}],"predecessor-version":[{"id":5264,"href":"https:\/\/drqabbas.be\/fr\/wp-json\/wp\/v2\/pages\/5192\/revisions\/5264"}],"wp:attachment":[{"href":"https:\/\/drqabbas.be\/fr\/wp-json\/wp\/v2\/media?parent=5192"}],"curies":[{"name":"wp","href":"https:\/\/api.w.org\/{rel}","templated":true}]}}