{"id":5201,"date":"2026-02-11T08:47:34","date_gmt":"2026-02-11T07:47:34","guid":{"rendered":"https:\/\/drqabbas.be\/?page_id=5201"},"modified":"2026-05-07T17:43:20","modified_gmt":"2026-05-07T15:43:20","slug":"consultation-video","status":"publish","type":"page","link":"https:\/\/drqabbas.be\/fr\/consultation-video\/","title":{"rendered":"Consultation vid\u00e9o"},"content":{"rendered":"\t\t<div data-elementor-type=\"wp-page\" data-elementor-id=\"5201\" class=\"elementor elementor-5201 elementor-4463\" data-elementor-post-type=\"page\">\n\t\t\t\t<div class=\"elementor-element elementor-element-604ec1b top--innerbanner e-flex e-con-boxed e-con e-parent\" data-id=\"604ec1b\" data-element_type=\"container\" data-e-type=\"container\" data-settings=\"{&quot;background_background&quot;:&quot;classic&quot;}\">\n\t\t\t\t\t<div class=\"e-con-inner\">\n\t\t<div class=\"elementor-element elementor-element-c7a2235 top--innerbanner e-flex e-con-boxed e-con e-child\" data-id=\"c7a2235\" data-element_type=\"container\" data-e-type=\"container\" data-settings=\"{&quot;background_background&quot;:&quot;classic&quot;}\">\n\t\t\t\t\t<div class=\"e-con-inner\">\n\t\t<div class=\"elementor-element elementor-element-0e326cd e-con-full e-flex e-con e-child\" data-id=\"0e326cd\" data-element_type=\"container\" data-e-type=\"container\">\n\t\t\t\t<\/div>\n\t\t<div class=\"elementor-element elementor-element-c09881f e-con-full elementor-hidden-mobile e-flex e-con e-child\" data-id=\"c09881f\" data-element_type=\"container\" data-e-type=\"container\">\n\t\t\t\t<\/div>\n\t\t\t\t\t<\/div>\n\t\t\t\t<\/div>\n\t\t<div class=\"elementor-element elementor-element-e6530fb e-con-full po-rel e-flex e-con e-child\" data-id=\"e6530fb\" data-element_type=\"container\" data-e-type=\"container\" data-settings=\"{&quot;position&quot;:&quot;absolute&quot;}\">\n\t\t\t\t<div class=\"elementor-element elementor-element-2a4b45d elementor-widget elementor-widget-template\" data-id=\"2a4b45d\" data-element_type=\"widget\" data-e-type=\"widget\" data-widget_type=\"template.default\">\n\t\t\t\t<div class=\"elementor-widget-container\">\n\t\t\t\t\t\t\t<div class=\"elementor-template\">\n\t\t\t\t\t<div data-elementor-type=\"container\" data-elementor-id=\"5221\" class=\"elementor elementor-5221 elementor-2269 elementor-2269\" data-elementor-post-type=\"elementor_library\">\n\t\t\t\t<div class=\"elementor-element elementor-element-627731a e-con-full e-flex e-con e-child\" data-id=\"627731a\" data-element_type=\"container\" data-e-type=\"container\" data-settings=\"{&quot;background_background&quot;:&quot;classic&quot;}\">\n\t\t\t\t<div class=\"elementor-element elementor-element-4282d019 elementor-widget elementor-widget-image\" data-id=\"4282d019\" data-element_type=\"widget\" data-e-type=\"widget\" data-widget_type=\"image.default\">\n\t\t\t\t<div class=\"elementor-widget-container\">\n\t\t\t\t\t\t\t\t\t\t\t\t\t\t\t<img loading=\"lazy\" decoding=\"async\" width=\"132\" height=\"48\" src=\"https:\/\/drqabbas.be\/wp-content\/uploads\/2026\/01\/Img.png\" class=\"attachment-large size-large wp-image-5181\" alt=\"\" \/>\t\t\t\t\t\t\t\t\t\t\t\t\t\t\t<\/div>\n\t\t\t\t<\/div>\n\t\t\t\t<div class=\"elementor-element elementor-element-8c2ca9d elementor-widget elementor-widget-image\" data-id=\"8c2ca9d\" data-element_type=\"widget\" data-e-type=\"widget\" data-widget_type=\"image.default\">\n\t\t\t\t<div class=\"elementor-widget-container\">\n\t\t\t\t\t\t\t\t\t\t\t\t\t\t\t<img loading=\"lazy\" decoding=\"async\" width=\"116\" height=\"20\" src=\"https:\/\/drqabbas.be\/wp-content\/uploads\/2026\/01\/Star-Icon.svg\" class=\"attachment-large size-large wp-image-5222\" alt=\"\" \/>\t\t\t\t\t\t\t\t\t\t\t\t\t\t\t<\/div>\n\t\t\t\t<\/div>\n\t\t\t\t<div class=\"elementor-element elementor-element-443e8b42 elementor-widget elementor-widget-heading\" data-id=\"443e8b42\" data-element_type=\"widget\" data-e-type=\"widget\" data-widget_type=\"heading.default\">\n\t\t\t\t<div class=\"elementor-widget-container\">\n\t\t\t\t\t<div class=\"elementor-heading-title elementor-size-default\">Plus de 500 patients satisfaits<\/div>\t\t\t\t<\/div>\n\t\t\t\t<\/div>\n\t\t\t\t<\/div>\n\t\t\t\t<\/div>\n\t\t\t\t<\/div>\n\t\t\t\t\t\t<\/div>\n\t\t\t\t<\/div>\n\t\t\t\t<\/div>\n\t\t\t\t\t<\/div>\n\t\t\t\t<\/div>\n\t\t<div class=\"elementor-element elementor-element-e071911 e-flex e-con-boxed e-con e-parent\" data-id=\"e071911\" data-element_type=\"container\" data-e-type=\"container\" data-settings=\"{&quot;background_background&quot;:&quot;classic&quot;}\">\n\t\t\t\t\t<div class=\"e-con-inner\">\n\t\t<div class=\"elementor-element elementor-element-4c86b24 e-con-full e-flex e-con e-child\" data-id=\"4c86b24\" data-element_type=\"container\" data-e-type=\"container\">\n\t\t\t\t<div class=\"elementor-element elementor-element-28368b1 elementor-widget elementor-widget-heading\" data-id=\"28368b1\" data-element_type=\"widget\" data-e-type=\"widget\" data-widget_type=\"heading.default\">\n\t\t\t\t<div class=\"elementor-widget-container\">\n\t\t\t\t\t<h4 class=\"elementor-heading-title elementor-size-default\">Rendez-vous \/ Consultation vid\u00e9o<\/h4>\t\t\t\t<\/div>\n\t\t\t\t<\/div>\n\t\t\t\t<div class=\"elementor-element elementor-element-b2a18e3 elementor-widget elementor-widget-text-editor\" data-id=\"b2a18e3\" data-element_type=\"widget\" data-e-type=\"widget\" data-widget_type=\"text-editor.default\">\n\t\t\t\t<div class=\"elementor-widget-container\">\n\t\t\t\t\t\t\t\t\t<p>Prenez facilement rendez-vous pour une consultation (vid\u00e9o) via notre site web.<\/p>\t\t\t\t\t\t\t\t<\/div>\n\t\t\t\t<\/div>\n\t\t\t\t<div class=\"elementor-element elementor-element-6824f38 elementor-widget elementor-widget-text-editor\" data-id=\"6824f38\" data-element_type=\"widget\" data-e-type=\"widget\" data-widget_type=\"text-editor.default\">\n\t\t\t\t<div class=\"elementor-widget-container\">\n\t\t\t\t\t\t\t\t\t<ul>\n \t<li>Une consultation de 5 ou 10 minutes est gratuite. Regarder ensemble ou montrer quelque chose peut souvent d\u00e9j\u00e0 apporter beaucoup de clart\u00e9.<\/li>\n \t<li>Pendant la consultation, nous \u00e9valuons vos sympt\u00f4mes et vous donnons des conseils concernant le diagnostic et le traitement. Si n\u00e9cessaire, nous planifions imm\u00e9diatement un rendez-vous urgent au cabinet.<\/li>\n \t<li>Les prescriptions, certificats d\u2019absence et autres documents peuvent \u00eatre envoy\u00e9s via Helena, par e-mail ou par courrier.<\/li>\n \t<li>Vous n\u2019\u00eates pas encore familiaris\u00e9 avec une consultation vid\u00e9o ? Vous trouverez plus d\u2019explications sur notre site web concernant son fonctionnement.<\/li>\n<\/ul>\t\t\t\t\t\t\t\t<\/div>\n\t\t\t\t<\/div>\n\t\t<div class=\"elementor-element elementor-element-9dbcd7e e-con-full e-flex e-con e-child\" data-id=\"9dbcd7e\" data-element_type=\"container\" data-e-type=\"container\">\n\t\t\t\t<div class=\"elementor-element elementor-element-86744bd elementor-button-primary elementor-widget elementor-widget-button\" data-id=\"86744bd\" data-element_type=\"widget\" data-e-type=\"widget\" data-widget_type=\"button.default\">\n\t\t\t\t<div class=\"elementor-widget-container\">\n\t\t\t\t\t\t\t\t\t<div class=\"elementor-button-wrapper\">\n\t\t\t\t\t<a class=\"elementor-button elementor-button-link elementor-size-sm\" href=\"https:\/\/progenda.be\/calendars\/dokter-abbas-qaisar-huisarts-antwerpen\/availabilities\" target=\"_blank\" rel=\"noopener\">\n\t\t\t\t\t\t<span class=\"elementor-button-content-wrapper\">\n\t\t\t\t\t\t<span class=\"elementor-button-icon\">\n\t\t\t\t<svg xmlns=\"http:\/\/www.w3.org\/2000\/svg\" width=\"35\" height=\"35\" viewBox=\"0 0 35 35\" fill=\"none\"><circle cx=\"17.2195\" cy=\"17.2195\" r=\"17.2195\" fill=\"white\" style=\"fill:white;fill-opacity:1;\"><\/circle><path d=\"M9.90918 20.5731C9.55046 20.7802 9.42755 21.2389 9.63466 21.5977C9.84177 21.9564 10.3005 22.0793 10.6592 21.8722L10.2842 21.2227L9.90918 20.5731ZM24.8746 13.4113C24.9818 13.0112 24.7444 12.5999 24.3443 12.4927L17.8243 10.7457C17.4242 10.6385 17.0129 10.8759 16.9057 11.276C16.7985 11.6761 17.0359 12.0874 17.436 12.1946L23.2316 13.7475L21.6787 19.543C21.5715 19.9431 21.8089 20.3544 22.209 20.4616C22.6091 20.5688 23.0203 20.3314 23.1276 19.9313L24.8746 13.4113ZM10.2842 21.2227L10.6592 21.8722L24.5251 13.8667L24.1501 13.2171L23.7751 12.5676L9.90918 20.5731L10.2842 21.2227Z\" fill=\"#009BD6\" style=\"fill:#009BD6;fill:color(display-p3 0.0000 0.6078 0.8392);fill-opacity:1;\"><\/path><\/svg>\t\t\t<\/span>\n\t\t\t\t\t\t\t\t\t<span class=\"elementor-button-text\">Prendre rendez-vous<\/span>\n\t\t\t\t\t<\/span>\n\t\t\t\t\t<\/a>\n\t\t\t\t<\/div>\n\t\t\t\t\t\t\t\t<\/div>\n\t\t\t\t<\/div>\n\t\t\t\t<div class=\"elementor-element elementor-element-53e81b6 elementor-button-black-outline elementor-widget elementor-widget-button\" data-id=\"53e81b6\" data-element_type=\"widget\" data-e-type=\"widget\" data-widget_type=\"button.default\">\n\t\t\t\t<div class=\"elementor-widget-container\">\n\t\t\t\t\t\t\t\t\t<div class=\"elementor-button-wrapper\">\n\t\t\t\t\t<a class=\"elementor-button elementor-button-link elementor-size-sm\" href=\"https:\/\/progenda.be\/calendars\/dokter-abbas-qaisar-huisarts-antwerpen\/availabilities\" target=\"_blank\" rel=\"noopener\">\n\t\t\t\t\t\t<span class=\"elementor-button-content-wrapper\">\n\t\t\t\t\t\t<span class=\"elementor-button-icon\">\n\t\t\t\t<svg xmlns=\"http:\/\/www.w3.org\/2000\/svg\" width=\"35\" height=\"35\" viewBox=\"0 0 35 35\" fill=\"none\"><circle cx=\"17.2195\" cy=\"17.2195\" r=\"16.7195\" stroke=\"#222222\" style=\"stroke:#222222;stroke:color(display-p3 0.1333 0.1333 0.1333);stroke-opacity:1;\"><\/circle><path d=\"M9.21436 16.4692C8.80014 16.4692 8.46436 16.805 8.46436 17.2192C8.46436 17.6335 8.80014 17.9692 9.21436 17.9692V17.2192V16.4692ZM25.7557 17.7496C26.0486 17.4567 26.0486 16.9818 25.7557 16.6889L20.9827 11.9159C20.6899 11.623 20.215 11.623 19.9221 11.9159C19.6292 12.2088 19.6292 12.6837 19.9221 12.9766L24.1647 17.2192L19.9221 21.4619C19.6292 21.7548 19.6292 22.2296 19.9221 22.5225C20.215 22.8154 20.6899 22.8154 20.9827 22.5225L25.7557 17.7496ZM9.21436 17.2192V17.9692H25.2254V17.2192V16.4692H9.21436V17.2192Z\" fill=\"#222222\" style=\"fill:#222222;fill:color(display-p3 0.1333 0.1333 0.1333);fill-opacity:1;\"><\/path><\/svg>\t\t\t<\/span>\n\t\t\t\t\t\t\t\t\t<span class=\"elementor-button-text\">Consultation vid\u00e9o<\/span>\n\t\t\t\t\t<\/span>\n\t\t\t\t\t<\/a>\n\t\t\t\t<\/div>\n\t\t\t\t\t\t\t\t<\/div>\n\t\t\t\t<\/div>\n\t\t\t\t<\/div>\n\t\t\t\t<\/div>\n\t\t<div class=\"elementor-element elementor-element-89a42a0 e-con-full e-flex e-con e-child\" data-id=\"89a42a0\" data-element_type=\"container\" data-e-type=\"container\">\n\t\t\t\t<div class=\"elementor-element elementor-element-469681e elementor-widget elementor-widget-image\" data-id=\"469681e\" data-element_type=\"widget\" data-e-type=\"widget\" data-widget_type=\"image.default\">\n\t\t\t\t<div class=\"elementor-widget-container\">\n\t\t\t\t\t\t\t\t\t\t\t\t\t\t\t<img loading=\"lazy\" decoding=\"async\" width=\"1900\" height=\"1049\" src=\"https:\/\/drqabbas.be\/wp-content\/uploads\/2026\/02\/hero-en.png\" class=\"attachment-full size-full wp-image-5202\" alt=\"\" srcset=\"https:\/\/drqabbas.be\/wp-content\/uploads\/2026\/02\/hero-en.png 1900w, https:\/\/drqabbas.be\/wp-content\/uploads\/2026\/02\/hero-en-300x166.png 300w, https:\/\/drqabbas.be\/wp-content\/uploads\/2026\/02\/hero-en-1024x565.png 1024w, https:\/\/drqabbas.be\/wp-content\/uploads\/2026\/02\/hero-en-768x424.png 768w, https:\/\/drqabbas.be\/wp-content\/uploads\/2026\/02\/hero-en-1536x848.png 1536w, https:\/\/drqabbas.be\/wp-content\/uploads\/2026\/02\/hero-en-600x331.png 600w\" sizes=\"auto, (max-width: 1900px) 100vw, 1900px\" \/>\t\t\t\t\t\t\t\t\t\t\t\t\t\t\t<\/div>\n\t\t\t\t<\/div>\n\t\t\t\t<div class=\"elementor-element elementor-element-7a0b0a1 elementor-widget elementor-widget-heading\" data-id=\"7a0b0a1\" data-element_type=\"widget\" data-e-type=\"widget\" data-widget_type=\"heading.default\">\n\t\t\t\t<div class=\"elementor-widget-container\">\n\t\t\t\t\t<h4 class=\"elementor-heading-title elementor-size-default\">E-mail<\/h4>\t\t\t\t<\/div>\n\t\t\t\t<\/div>\n\t\t\t\t<div class=\"elementor-element elementor-element-0f11825 elementor-widget elementor-widget-text-editor\" data-id=\"0f11825\" data-element_type=\"widget\" data-e-type=\"widget\" data-widget_type=\"text-editor.default\">\n\t\t\t\t<div class=\"elementor-widget-container\">\n\t\t\t\t\t\t\t\t\t<ul>\n \t<li>Nous n\u2019avons pas le temps de lire et de r\u00e9pondre aux e-mails. Nous consacrons notre temps aux consultations (vid\u00e9o).<\/li>\n \t<li>De plus, les soins m\u00e9dicaux par e-mail ne sont pas autoris\u00e9s.<\/li>\n<\/ul>\t\t\t\t\t\t\t\t<\/div>\n\t\t\t\t<\/div>\n\t\t\t\t<\/div>\n\t\t\t\t\t<\/div>\n\t\t\t\t<\/div>\n\t\t<div class=\"elementor-element elementor-element-f27209e e-flex e-con-boxed e-con e-parent\" data-id=\"f27209e\" data-element_type=\"container\" data-e-type=\"container\" data-settings=\"{&quot;background_background&quot;:&quot;classic&quot;}\">\n\t\t\t\t\t<div class=\"e-con-inner\">\n\t\t<div class=\"elementor-element elementor-element-552d0ea e-con-full e-flex e-con e-child\" data-id=\"552d0ea\" data-element_type=\"container\" data-e-type=\"container\">\n\t\t\t\t<div class=\"elementor-element elementor-element-70958e0 elementor-widget elementor-widget-video\" data-id=\"70958e0\" data-element_type=\"widget\" data-e-type=\"widget\" data-settings=\"{&quot;video_type&quot;:&quot;vimeo&quot;}\" data-widget_type=\"video.default\">\n\t\t\t\t<div class=\"elementor-widget-container\">\n\t\t\t\t\t\t\t<div class=\"elementor-wrapper elementor-open-inline\">\n\t\t\t<iframe class=\"elementor-video-iframe\" allowfullscreen allow=\"clipboard-write\" title=\"Lecteur vid\u00e9o vimeo\" src=\"https:\/\/player.vimeo.com\/video\/592768518?color&amp;autopause=0&amp;loop=0&amp;muted=0&amp;title=1&amp;portrait=1&amp;byline=1#t=\"><\/iframe>\t\t<\/div>\n\t\t\t\t\t\t<\/div>\n\t\t\t\t<\/div>\n\t\t\t\t<\/div>\n\t\t<div class=\"elementor-element elementor-element-dd3f6df e-con-full e-flex e-con e-child\" data-id=\"dd3f6df\" data-element_type=\"container\" data-e-type=\"container\">\n\t\t\t\t<div class=\"elementor-element elementor-element-75442cd elementor-widget elementor-widget-heading\" data-id=\"75442cd\" data-element_type=\"widget\" data-e-type=\"widget\" data-widget_type=\"heading.default\">\n\t\t\t\t<div class=\"elementor-widget-container\">\n\t\t\t\t\t<h4 class=\"elementor-heading-title elementor-size-default\">Helena<\/h4>\t\t\t\t<\/div>\n\t\t\t\t<\/div>\n\t\t\t\t<div class=\"elementor-element elementor-element-ccebe7a elementor-widget elementor-widget-text-editor\" data-id=\"ccebe7a\" data-element_type=\"widget\" data-e-type=\"widget\" data-widget_type=\"text-editor.default\">\n\t\t\t\t<div class=\"elementor-widget-container\">\n\t\t\t\t\t\t\t\t\t<p>Vous recevrez un SMS et un e-mail \u00e0 l\u2019heure pr\u00e9vue afin de d\u00e9marrer la consultation vid\u00e9o. Veuillez noter que les consultations peuvent prendre du retard et que vous pourriez recevoir le message un peu plus tard. Vous ne serez pas appel\u00e9. Soyez donc attentif afin de r\u00e9pondre au SMS ou \u00e0 l\u2019e-mail. Choisissez de recevoir le SMS ou l\u2019e-mail.<\/p>\t\t\t\t\t\t\t\t<\/div>\n\t\t\t\t<\/div>\n\t\t\t\t<\/div>\n\t\t\t\t\t<\/div>\n\t\t\t\t<\/div>\n\t\t<div class=\"elementor-element elementor-element-ee04363 e-flex e-con-boxed e-con e-parent\" data-id=\"ee04363\" data-element_type=\"container\" data-e-type=\"container\" data-settings=\"{&quot;background_background&quot;:&quot;classic&quot;}\">\n\t\t\t\t\t<div class=\"e-con-inner\">\n\t\t<div class=\"elementor-element elementor-element-d2343d9 e-con-full e-flex e-con e-child\" data-id=\"d2343d9\" data-element_type=\"container\" data-e-type=\"container\" data-settings=\"{&quot;background_background&quot;:&quot;classic&quot;}\">\n\t\t\t\t<div class=\"elementor-element elementor-element-a786fcc elementor-widget elementor-widget-image\" data-id=\"a786fcc\" data-element_type=\"widget\" data-e-type=\"widget\" data-widget_type=\"image.default\">\n\t\t\t\t<div class=\"elementor-widget-container\">\n\t\t\t\t\t\t\t\t\t\t\t\t\t\t\t<img loading=\"lazy\" decoding=\"async\" width=\"381\" height=\"141\" src=\"https:\/\/drqabbas.be\/wp-content\/uploads\/2026\/02\/Afbeelding1.png\" class=\"attachment-large size-large wp-image-5203\" alt=\"\" srcset=\"https:\/\/drqabbas.be\/wp-content\/uploads\/2026\/02\/Afbeelding1.png 381w, https:\/\/drqabbas.be\/wp-content\/uploads\/2026\/02\/Afbeelding1-300x111.png 300w\" sizes=\"auto, (max-width: 381px) 100vw, 381px\" \/>\t\t\t\t\t\t\t\t\t\t\t\t\t\t\t<\/div>\n\t\t\t\t<\/div>\n\t\t\t\t<div class=\"elementor-element elementor-element-43f0112 elementor-widget elementor-widget-heading\" data-id=\"43f0112\" data-element_type=\"widget\" data-e-type=\"widget\" data-widget_type=\"heading.default\">\n\t\t\t\t<div class=\"elementor-widget-container\">\n\t\t\t\t\t<h6 class=\"elementor-heading-title elementor-size-default\">Cliquez sur le premier lien.<\/h6>\t\t\t\t<\/div>\n\t\t\t\t<\/div>\n\t\t\t\t<\/div>\n\t\t<div class=\"elementor-element elementor-element-d951815 e-con-full e-flex e-con e-child\" data-id=\"d951815\" data-element_type=\"container\" data-e-type=\"container\" data-settings=\"{&quot;background_background&quot;:&quot;classic&quot;}\">\n\t\t\t\t<div class=\"elementor-element elementor-element-2e984b8 elementor-widget elementor-widget-image\" data-id=\"2e984b8\" data-element_type=\"widget\" data-e-type=\"widget\" data-widget_type=\"image.default\">\n\t\t\t\t<div class=\"elementor-widget-container\">\n\t\t\t\t\t\t\t\t\t\t\t\t\t\t\t<img loading=\"lazy\" decoding=\"async\" width=\"400\" height=\"301\" src=\"https:\/\/drqabbas.be\/wp-content\/uploads\/2026\/02\/Afbeelding2-400x301-1.png\" class=\"attachment-large size-large wp-image-5204\" alt=\"\" srcset=\"https:\/\/drqabbas.be\/wp-content\/uploads\/2026\/02\/Afbeelding2-400x301-1.png 400w, https:\/\/drqabbas.be\/wp-content\/uploads\/2026\/02\/Afbeelding2-400x301-1-300x226.png 300w\" sizes=\"auto, (max-width: 400px) 100vw, 400px\" \/>\t\t\t\t\t\t\t\t\t\t\t\t\t\t\t<\/div>\n\t\t\t\t<\/div>\n\t\t\t\t<div class=\"elementor-element elementor-element-fa1f74c elementor-widget elementor-widget-heading\" data-id=\"fa1f74c\" data-element_type=\"widget\" data-e-type=\"widget\" data-widget_type=\"heading.default\">\n\t\t\t\t<div class=\"elementor-widget-container\">\n\t\t\t\t\t<h6 class=\"elementor-heading-title elementor-size-default\">Cliquez sur \u00ab Confirmer \u00bb.<\/h6>\t\t\t\t<\/div>\n\t\t\t\t<\/div>\n\t\t\t\t<\/div>\n\t\t<div class=\"elementor-element elementor-element-cf2a226 e-con-full e-flex e-con e-child\" data-id=\"cf2a226\" data-element_type=\"container\" data-e-type=\"container\" data-settings=\"{&quot;background_background&quot;:&quot;classic&quot;}\">\n\t\t\t\t<div class=\"elementor-element elementor-element-e5c0666 elementor-widget elementor-widget-image\" data-id=\"e5c0666\" data-element_type=\"widget\" data-e-type=\"widget\" data-widget_type=\"image.default\">\n\t\t\t\t<div class=\"elementor-widget-container\">\n\t\t\t\t\t\t\t\t\t\t\t\t\t\t\t<img loading=\"lazy\" decoding=\"async\" width=\"400\" height=\"182\" src=\"https:\/\/drqabbas.be\/wp-content\/uploads\/2026\/02\/Afbeelding3-400x182-1.png\" class=\"attachment-large size-large wp-image-5205\" alt=\"\" srcset=\"https:\/\/drqabbas.be\/wp-content\/uploads\/2026\/02\/Afbeelding3-400x182-1.png 400w, https:\/\/drqabbas.be\/wp-content\/uploads\/2026\/02\/Afbeelding3-400x182-1-300x137.png 300w\" sizes=\"auto, (max-width: 400px) 100vw, 400px\" \/>\t\t\t\t\t\t\t\t\t\t\t\t\t\t\t<\/div>\n\t\t\t\t<\/div>\n\t\t\t\t<div class=\"elementor-element elementor-element-9777cd0 elementor-widget elementor-widget-heading\" data-id=\"9777cd0\" data-element_type=\"widget\" data-e-type=\"widget\" data-widget_type=\"heading.default\">\n\t\t\t\t<div class=\"elementor-widget-container\">\n\t\t\t\t\t<h6 class=\"elementor-heading-title elementor-size-default\">Cliquez sur \u00ab Continuer \u00bb.<\/h6>\t\t\t\t<\/div>\n\t\t\t\t<\/div>\n\t\t\t\t<div class=\"elementor-element elementor-element-7845711 elementor-widget elementor-widget-text-editor\" data-id=\"7845711\" data-element_type=\"widget\" data-e-type=\"widget\" data-widget_type=\"text-editor.default\">\n\t\t\t\t<div class=\"elementor-widget-container\">\n\t\t\t\t\t\t\t\t\t<p>Un test sera maintenant effectu\u00e9 pendant 30 secondes afin de v\u00e9rifier la connexion.<\/p>\t\t\t\t\t\t\t\t<\/div>\n\t\t\t\t<\/div>\n\t\t\t\t<\/div>\n\t\t<div class=\"elementor-element elementor-element-c1c1452 e-con-full e-flex e-con e-child\" data-id=\"c1c1452\" data-element_type=\"container\" data-e-type=\"container\" data-settings=\"{&quot;background_background&quot;:&quot;classic&quot;}\">\n\t\t\t\t<div class=\"elementor-element elementor-element-161b04d elementor-widget elementor-widget-image\" data-id=\"161b04d\" data-element_type=\"widget\" data-e-type=\"widget\" data-widget_type=\"image.default\">\n\t\t\t\t<div class=\"elementor-widget-container\">\n\t\t\t\t\t\t\t\t\t\t\t\t\t\t\t<img loading=\"lazy\" decoding=\"async\" width=\"345\" height=\"573\" src=\"https:\/\/drqabbas.be\/wp-content\/uploads\/2026\/02\/Afbeelding4.png\" class=\"attachment-large size-large wp-image-5206\" alt=\"\" srcset=\"https:\/\/drqabbas.be\/wp-content\/uploads\/2026\/02\/Afbeelding4.png 345w, https:\/\/drqabbas.be\/wp-content\/uploads\/2026\/02\/Afbeelding4-181x300.png 181w\" sizes=\"auto, (max-width: 345px) 100vw, 345px\" \/>\t\t\t\t\t\t\t\t\t\t\t\t\t\t\t<\/div>\n\t\t\t\t<\/div>\n\t\t\t\t<div class=\"elementor-element elementor-element-f47a1a4 elementor-widget elementor-widget-heading\" data-id=\"f47a1a4\" data-element_type=\"widget\" data-e-type=\"widget\" data-widget_type=\"heading.default\">\n\t\t\t\t<div class=\"elementor-widget-container\">\n\t\t\t\t\t<h6 class=\"elementor-heading-title elementor-size-default\">Cliquez sur \u00ab D\u00e9marrer la consultation vid\u00e9o \u00bb.\n<\/h6>\t\t\t\t<\/div>\n\t\t\t\t<\/div>\n\t\t\t\t<div class=\"elementor-element elementor-element-f84ccfe elementor-widget elementor-widget-text-editor\" data-id=\"f84ccfe\" data-element_type=\"widget\" data-e-type=\"widget\" data-widget_type=\"text-editor.default\">\n\t\t\t\t<div class=\"elementor-widget-container\">\n\t\t\t\t\t\t\t\t\t<p>Cliquez sur \u00ab D\u00e9marrer la consultation vid\u00e9o \u00bb.<\/p><p data-start=\"289\" data-end=\"401\">\u00a0<\/p><p>Un test sera maintenant effectu\u00e9 pendant 30 secondes afin de v\u00e9rifier la connexion.<\/p><p data-start=\"289\" data-end=\"401\">Cliquez sur \u00ab Continuer \u00bb.<\/p><p>Attention : si vous utilisez votre smartphone pour vous connecter, vous ne pourrez pas passer d\u2019appels t\u00e9l\u00e9phoniques pendant ce moment.<\/p>\t\t\t\t\t\t\t\t<\/div>\n\t\t\t\t<\/div>\n\t\t\t\t<\/div>\n\t\t\t\t\t<\/div>\n\t\t\t\t<\/div>\n\t\t\t\t<\/div>\n\t\t","protected":false},"excerpt":{"rendered":"<p>Rendez-vous \/ Consultation vid\u00e9o Prenez facilement rendez-vous pour une consultation (vid\u00e9o) via notre site web. Une consultation de 5 ou 10 minutes est gratuite. Regarder ensemble ou montrer quelque chose peut souvent d\u00e9j\u00e0 apporter beaucoup de clart\u00e9. Pendant la consultation, nous \u00e9valuons vos sympt\u00f4mes et vous donnons des conseils concernant le diagnostic et le traitement. [&hellip;]<\/p>\n","protected":false},"author":1,"featured_media":0,"parent":0,"menu_order":0,"comment_status":"closed","ping_status":"closed","template":"","meta":{"_acf_changed":false,"footnotes":""},"class_list":["post-5201","page","type-page","status-publish","hentry"],"acf":[],"_links":{"self":[{"href":"https:\/\/drqabbas.be\/fr\/wp-json\/wp\/v2\/pages\/5201","targetHints":{"allow":["GET"]}}],"collection":[{"href":"https:\/\/drqabbas.be\/fr\/wp-json\/wp\/v2\/pages"}],"about":[{"href":"https:\/\/drqabbas.be\/fr\/wp-json\/wp\/v2\/types\/page"}],"author":[{"embeddable":true,"href":"https:\/\/drqabbas.be\/fr\/wp-json\/wp\/v2\/users\/1"}],"replies":[{"embeddable":true,"href":"https:\/\/drqabbas.be\/fr\/wp-json\/wp\/v2\/comments?post=5201"}],"version-history":[{"count":7,"href":"https:\/\/drqabbas.be\/fr\/wp-json\/wp\/v2\/pages\/5201\/revisions"}],"predecessor-version":[{"id":5273,"href":"https:\/\/drqabbas.be\/fr\/wp-json\/wp\/v2\/pages\/5201\/revisions\/5273"}],"wp:attachment":[{"href":"https:\/\/drqabbas.be\/fr\/wp-json\/wp\/v2\/media?parent=5201"}],"curies":[{"name":"wp","href":"https:\/\/api.w.org\/{rel}","templated":true}]}}